{"id":208,"date":"2016-03-14T16:50:05","date_gmt":"2016-03-14T14:50:05","guid":{"rendered":"http:\/\/www.norbergmedia.de\/hauptseite\/?page_id=208"},"modified":"2016-03-14T16:51:33","modified_gmt":"2016-03-14T14:51:33","slug":"keine-antwort-warum","status":"publish","type":"page","link":"https:\/\/www.norbergmedia.de\/hauptseite\/hilfe\/keine-antwort-warum\/","title":{"rendered":"Bekomme keine Antwort &#8211; warum?"},"content":{"rendered":"<p>Unser Kundensupport k\u00fcmmert sich in erster Linie um die Bed\u00fcrfnisse unserer begeisterten Kundschaft &#8211; diese Leistungen sind bereits in die Produkte eingepreist, ein zus\u00e4tzlicher Kostenmehraufwand entsteht daher\u00a0nicht.<\/p>\n<p>Folgende Anfragen an uns werden i. d. R. jedoch nicht beantwortet:<\/p>\n<ul>\n<li>Werbemails\/Angebote\/Aquise<\/li>\n<li>Automatisierte Newsletter und \u00c4hnliches<\/li>\n<li>Linktauschanfragen<\/li>\n<li>Inhaltliche Irrelevanz<\/li>\n<li>MLM<\/li>\n<\/ul>\n<p>Wir wissen, dass jeder Mensch besonders einzigartig ist und seinen jeweils eigenen Bed\u00fcrfnissen die gr\u00f6\u00dfte Bedeutung zukommt.\u00a0Doch manchmal passt das Eine, mit dem Anderen nicht zusammen.\u00a0Vielen Dank f\u00fcr Ihr Verst\u00e4ndnis.<\/p>\n<p>&nbsp;<\/p>\n","protected":false},"excerpt":{"rendered":"<p>Unser Kundensupport k\u00fcmmert sich in erster Linie um die Bed\u00fcrfnisse unserer begeisterten Kundschaft &#8211; diese Leistungen sind bereits in die Produkte eingepreist, ein zus\u00e4tzlicher Kostenmehraufwand entsteht daher\u00a0nicht. Folgende Anfragen an uns werden i. d. R. jedoch nicht beantwortet: Werbemails\/Angebote\/Aquise Automatisierte Newsletter und \u00c4hnliches Linktauschanfragen Inhaltliche Irrelevanz MLM Wir wissen, dass jeder Mensch besonders einzigartig ist [&hellip;]<\/p>\n","protected":false},"author":1,"featured_media":0,"parent":139,"menu_order":0,"comment_status":"closed","ping_status":"closed","template":"","meta":[],"_links":{"self":[{"href":"https:\/\/www.norbergmedia.de\/hauptseite\/wp-json\/wp\/v2\/pages\/208"}],"collection":[{"href":"https:\/\/www.norbergmedia.de\/hauptseite\/wp-json\/wp\/v2\/pages"}],"about":[{"href":"https:\/\/www.norbergmedia.de\/hauptseite\/wp-json\/wp\/v2\/types\/page"}],"author":[{"embeddable":true,"href":"https:\/\/www.norbergmedia.de\/hauptseite\/wp-json\/wp\/v2\/users\/1"}],"replies":[{"embeddable":true,"href":"https:\/\/www.norbergmedia.de\/hauptseite\/wp-json\/wp\/v2\/comments?post=208"}],"version-history":[{"count":3,"href":"https:\/\/www.norbergmedia.de\/hauptseite\/wp-json\/wp\/v2\/pages\/208\/revisions"}],"predecessor-version":[{"id":211,"href":"https:\/\/www.norbergmedia.de\/hauptseite\/wp-json\/wp\/v2\/pages\/208\/revisions\/211"}],"up":[{"embeddable":true,"href":"https:\/\/www.norbergmedia.de\/hauptseite\/wp-json\/wp\/v2\/pages\/139"}],"wp:attachment":[{"href":"https:\/\/www.norbergmedia.de\/hauptseite\/wp-json\/wp\/v2\/media?parent=208"}],"curies":[{"name":"wp","href":"https:\/\/api.w.org\/{rel}","templated":true}]}}