{"id":191,"date":"2016-03-07T17:29:22","date_gmt":"2016-03-07T15:29:22","guid":{"rendered":"http:\/\/www.norbergmedia.de\/hauptseite\/?page_id=191"},"modified":"2016-03-07T17:35:09","modified_gmt":"2016-03-07T15:35:09","slug":"kostenlose-dienste","status":"publish","type":"page","link":"https:\/\/www.norbergmedia.de\/hauptseite\/hilfe\/kostenlose-dienste\/","title":{"rendered":"Wie refinanzieren wir unsere kostenlosen Dienste"},"content":{"rendered":"<p><em>&#8222;Es hie\u00df kostenfrei &#8211; ist das auch wirklich kostenlos?&#8220;<\/em> <strong>Ja.<\/strong><\/p>\n<p>Einfach mitmachen und jubeln, denn\u00a0genau wie sie kostenlos &#8222;googlen&#8220; oder nach dem Wetter sehen, bieten wir sehr hochwertige Dienste gratis an. Wie ist das m\u00f6glich? Lesen Sie selbst &#8211; eine ber\u00fchrende Geschichte.<\/p>\n<p>Die Norberg Media ist\u00a0schon viele Jahre sehr erfolgreich im Internet und wir haben Besuchern wie Ihnen, ganz viel zu verdanken \u2013 ehrlich! Ohne Sie w\u00e4ren wir nicht da, wo wir heute sind. Wertvolle Kontakte sind entstanden, gro\u00dfes Vertrauen wurde aufgebaut, und viele Menschen haben wir gl\u00fccklich machen d\u00fcrfen. Obwohl es\u00a0nicht unser einziges Ziel war, haben wir dennoch\u00a0eine erfolgreiche Firma\u00a0in der Medienlandschaft platzieren k\u00f6nnen &#8211; weil wir so sind, wie wir eben sind! Dies erm\u00f6glicht uns, sehr hochwertige Inhalte zu produzieren, und davon sogar einige kostenlos an unsere Fans\u00a0zu verteilen. Viele Menschen entscheiden sich sp\u00e4ter zum Kauf bei uns, <em>nachdem<\/em> sie unsere Gratisdienste genutzt haben. Also eine gute Entscheidung f\u00fcr alle, stimmt&#8217;s? Durch unsere Produkte werden schlie\u00dfich\u00a0auch die Gratisdienste refinanziert &#8211; ausgezeichnet.<\/p>\n<p>Gerne d\u00fcrfen Sie auch von unseren kostenpflichtigen Angeboten profitieren. Doch Sie entscheiden, denn wir sind Stolz auf unseren begeisterten Kundenstamm, und das soll auch so bleiben.<\/p>\n<p>Wir freuen uns auf Sie &#8211; so oder so!<\/p>\n<p>Herzliche Gr\u00fc\u00dfe,<\/p>\n<p>Ihre Norberg Media<\/p>\n","protected":false},"excerpt":{"rendered":"<p>&#8222;Es hie\u00df kostenfrei &#8211; ist das auch wirklich kostenlos?&#8220; Ja. Einfach mitmachen und jubeln, denn\u00a0genau wie sie kostenlos &#8222;googlen&#8220; oder nach dem Wetter sehen, bieten wir sehr hochwertige Dienste gratis an. Wie ist das m\u00f6glich? Lesen Sie selbst &#8211; eine ber\u00fchrende Geschichte. Die Norberg Media ist\u00a0schon viele Jahre sehr erfolgreich im Internet und wir haben [&hellip;]<\/p>\n","protected":false},"author":1,"featured_media":0,"parent":139,"menu_order":0,"comment_status":"closed","ping_status":"closed","template":"","meta":[],"_links":{"self":[{"href":"https:\/\/www.norbergmedia.de\/hauptseite\/wp-json\/wp\/v2\/pages\/191"}],"collection":[{"href":"https:\/\/www.norbergmedia.de\/hauptseite\/wp-json\/wp\/v2\/pages"}],"about":[{"href":"https:\/\/www.norbergmedia.de\/hauptseite\/wp-json\/wp\/v2\/types\/page"}],"author":[{"embeddable":true,"href":"https:\/\/www.norbergmedia.de\/hauptseite\/wp-json\/wp\/v2\/users\/1"}],"replies":[{"embeddable":true,"href":"https:\/\/www.norbergmedia.de\/hauptseite\/wp-json\/wp\/v2\/comments?post=191"}],"version-history":[{"count":4,"href":"https:\/\/www.norbergmedia.de\/hauptseite\/wp-json\/wp\/v2\/pages\/191\/revisions"}],"predecessor-version":[{"id":195,"href":"https:\/\/www.norbergmedia.de\/hauptseite\/wp-json\/wp\/v2\/pages\/191\/revisions\/195"}],"up":[{"embeddable":true,"href":"https:\/\/www.norbergmedia.de\/hauptseite\/wp-json\/wp\/v2\/pages\/139"}],"wp:attachment":[{"href":"https:\/\/www.norbergmedia.de\/hauptseite\/wp-json\/wp\/v2\/media?parent=191"}],"curies":[{"name":"wp","href":"https:\/\/api.w.org\/{rel}","templated":true}]}}