{"id":18,"date":"2014-05-23T14:44:08","date_gmt":"2014-05-23T12:44:08","guid":{"rendered":"http:\/\/norbergmedia.de\/hauptseite\/?page_id=18"},"modified":"2019-07-24T09:47:49","modified_gmt":"2019-07-24T07:47:49","slug":"mission","status":"publish","type":"page","link":"https:\/\/www.norbergmedia.de\/hauptseite\/mission\/","title":{"rendered":"Mission"},"content":{"rendered":"<p><strong>Unseren Kunden Ergebnisse liefern.<\/strong><\/p>\n<p>Die Entwicklung von Problem-L\u00f6sungen ist unser Fokus, der uns t\u00e4glich motiviert, neue Meilensteine zu erreichen.<\/p>\n<p><span style=\"font-size: inherit;\">Seit nunmehr einer Dekade ist die Norberg Media bekannt f\u00fcr professionelle Wertsch\u00f6pfung in den neuen Medien und bedient einen weltweit zufriedenen Kundenstamm.<\/span><\/p>\n\n\n<p><\/p>\n","protected":false},"excerpt":{"rendered":"<p>Unseren Kunden Ergebnisse liefern. Die Entwicklung von Problem-L\u00f6sungen ist unser Fokus, der uns t\u00e4glich motiviert, neue Meilensteine zu erreichen. Seit nunmehr einer Dekade ist die Norberg Media bekannt f\u00fcr professionelle Wertsch\u00f6pfung in den neuen Medien und bedient einen weltweit zufriedenen Kundenstamm.<\/p>\n","protected":false},"author":1,"featured_media":0,"parent":0,"menu_order":3,"comment_status":"open","ping_status":"open","template":"","meta":[],"_links":{"self":[{"href":"https:\/\/www.norbergmedia.de\/hauptseite\/wp-json\/wp\/v2\/pages\/18"}],"collection":[{"href":"https:\/\/www.norbergmedia.de\/hauptseite\/wp-json\/wp\/v2\/pages"}],"about":[{"href":"https:\/\/www.norbergmedia.de\/hauptseite\/wp-json\/wp\/v2\/types\/page"}],"author":[{"embeddable":true,"href":"https:\/\/www.norbergmedia.de\/hauptseite\/wp-json\/wp\/v2\/users\/1"}],"replies":[{"embeddable":true,"href":"https:\/\/www.norbergmedia.de\/hauptseite\/wp-json\/wp\/v2\/comments?post=18"}],"version-history":[{"count":7,"href":"https:\/\/www.norbergmedia.de\/hauptseite\/wp-json\/wp\/v2\/pages\/18\/revisions"}],"predecessor-version":[{"id":242,"href":"https:\/\/www.norbergmedia.de\/hauptseite\/wp-json\/wp\/v2\/pages\/18\/revisions\/242"}],"wp:attachment":[{"href":"https:\/\/www.norbergmedia.de\/hauptseite\/wp-json\/wp\/v2\/media?parent=18"}],"curies":[{"name":"wp","href":"https:\/\/api.w.org\/{rel}","templated":true}]}}