{"id":100,"date":"2014-05-28T18:23:19","date_gmt":"2014-05-28T16:23:19","guid":{"rendered":"http:\/\/norbergmedia.de\/hauptseite\/?page_id=100"},"modified":"2014-10-20T13:56:32","modified_gmt":"2014-10-20T11:56:32","slug":"agb","status":"publish","type":"page","link":"https:\/\/www.norbergmedia.de\/hauptseite\/agb\/","title":{"rendered":"Allgemeine Gesch\u00e4ftsbedingungen"},"content":{"rendered":"<p><strong>1. Allgemeines<\/strong><\/p>\n<p>1. Unsere Allgemeinen Gesch\u00e4ftsbedingungen, kurz AGB, regeln die Kaufabwicklung, Vertr\u00e4ge, Lieferungen und Leistungen der Firma Norberg Media Georg Norberg (im Folgenden Norberg Media genannt) mit ihren K\u00e4ufern, Abonnenten und Kursteilnehmern (im Folgenden Kunden genannt).<br \/>\n2. Beide Vertragsparteien erkennen die Rechte und Pflichten dieser AGB mit dem Kauf uneingeschr\u00e4nkt an.<br \/>\n3. Die Norberg Media ist jederzeit berechtigt, die allgemeinen Gesch\u00e4ftsbedingungen zu \u00e4ndern, Angebote zu ver\u00e4ndern, Angebote komplett zu entfernen und den Verkauf zu beenden. Die jeweiligen \u00c4nderungen betreffen alle zuk\u00fcnftig zustande kommenden Rechtsgesch\u00e4fte. Rechtsgesch\u00e4fte aus der Vergangenheit bleiben davon unber\u00fchrt.<\/p>\n<p><strong>2. Vertragsabschluss, Gegenstand, Zustande kommen des Rechtsgesch\u00e4fts<\/strong><\/p>\n<p>1. Die Norberg Media bietet Ihren Kunden einen kostenpflichtigen Zugang f\u00fcr 1 Jahr zum Mitgliederbereich an. Dieser enth\u00e4lt verschiedene Formen elektronisch \u00fcbermittelter Videos, Kursunterlagen im PDF Dateiformat, Bonus Lektionen und Frage&amp;Antwort Videos.<br \/>\n2. Die Norberg Media betreibt auf unterschiedlichen Websites Werbung f\u00fcr die genannten Produkte. F\u00fcr die Internetseiten die durch Norberg Media betrieben werden gelten die Werbema\u00dfnahmen als rechtskr\u00e4ftiges Angebot.<br \/>\n3. Der Kunde nimmt das rechtskr\u00e4ftige Angebot durch den virtuellen Gang zur Kasse an, in dem er aktiv den Bestellvorgang im Norberg Media-Shop einleitet und gibt damit ein verbindliches Kaufangebot ab.<br \/>\n4. Der Kunde ist verpflichtet, die von Norberg Media zur Verf\u00fcgung gestellten Zahlungsmethoden zu nutzen und bezahlt den Rechnungsbetrag per Vorkasse.<br \/>\n5. Die Norberg Media nimmt das verbindliche Kaufangebot erst an, sobald der vollst\u00e4ndige Gesamtbruttobetrag auf dem entsprechenden Konto gebucht worden ist.<br \/>\n6. Der Kunde verpflichtet sich, f\u00fcr ausreichende Deckung seines Kontos zu sorgen, damit die Zahlung zustande kommt.<br \/>\n7. Nach Zahlungseingang verschickt die Norberg Media eine Rechnung per Email und stellt dem Kunde das digitale Produkt in Form eines Downloads und Zugangs zum Mitgliederbreich zur Verf\u00fcgung.<br \/>\n8. Der Kunde verpflichtet sich, den Zugang h\u00f6chstpers\u00f6nlich und nur f\u00fcr seinen eigenen privaten Gebrauch zu nutzen. Eine Weitergabe an Dritte ist strengstens untersagt und f\u00fchrt zum sofortigen Ausschluss aus dem Kurs. Sowohl Verteiler als auch Empf\u00e4nger machen sich durch eine Weitergabe in jeglicher Form strafbar. Des weiteren wird bei Versto\u00df die Norberg Media Schadensersatzforderungen geltend machen.<br \/>\n9. Sollte es zu technischen Problemen bei der Kaufabwicklung kommen sind beide Vertragspartner verpflichtet sich gegenseitig dar\u00fcber zu unterrichten und f\u00fcr schnellstm\u00f6gliche Abhilfe zu sorgen.<br \/>\n10. Der Kunde verpflichtet sich zur Geheimhaltung seiner Zugangsdaten, Downloadlinks, und Mitgliedsdaten.<br \/>\n11. Der Kunde erh\u00e4lt mit dem Kauf des Produkts ein Nutzungsrecht, das nur ihm alleine beliebig h\u00e4ufige Verwendung erlaubt. Er hat daf\u00fcr Sorge zu tragen, dass nur er selbst Zugriff auf auf das gekaufte Produkt hat.<br \/>\n12. Dem Kunde ist es ausdr\u00fccklich verboten die erworbenen Produkte zu vervielf\u00e4ltigen, weiterzugeben oder in ver\u00e4nderter Form zu nutzen.<br \/>\n13. Sofern technische Probleme seitens Norberg Media die Kaufabwicklung verhindern ist der Kunde verpflichtet den Support von Norberg Media unter norbergmedia@gmail.com zu kontaktieren. Ein Nicht-Erhalten des Produktes rechtfertigt nicht das Zur\u00fcckhalten der Forderung seitens Norberg Media.<br \/>\n14. Die Kommunikation von Kunde zu Norberg Media findet ausschlie\u00dflich per E-Mail statt. Auf Telefonanrufe und Postsendungen wird aus R\u00fccksicht verzichtet.<br \/>\n15. Unangek\u00fcndigte Post-Sendungen, insbesondere Einschreiben, werden kategorisch abgelehnt und gehen zur\u00fcck an den Empf\u00e4nger.<\/p>\n<p><strong>3. Preise<\/strong><\/p>\n<p>1. Es gelten nur die von uns ausgezeichneten Preise in der Produktbeschreibung der jeweiligen Verkaufsseite oder des Onlineshops von Norbergmedia.de zum Zeitpunkt der Bestellung des Kunden.<br \/>\n2. Preisangaben, die entweder durch Dritte oder auf fremden Internetseiten gemacht wurden haben keine G\u00fcltigkeit.<br \/>\n3. Alle Preise verstehen sich als Bruttopreise.<br \/>\n4. In allen Preisen ist die jeweils g\u00fcltige gesetzliche Mehrwertsteuer (derzeit 19%) enthalten.<br \/>\n5. Dem Kunde entstehen keine Versandkosten, sofern nicht anders angegeben.<\/p>\n<p><strong>4. Lieferung und Leistung<\/strong><\/p>\n<p>1. Die Norberg Media liefert das bestellte Produkt erst nach tats\u00e4chlichem Zahlungseingang.<br \/>\n2. Die Lieferung erfolgt entweder per Download durch den Kunden.<br \/>\n3. Der Download wird durch die Norberg Media freigeschaltet.<br \/>\n4. Dem Kunden wird eine Email zugestellt mit dem Link zur Downloadseite bzw. Mitgliederbereich.<br \/>\n5. Die Lieferung erfolgt in der Regel sofort nach Zahlungseingang.<br \/>\n6. Die Lieferung muss nach Erhalt der Downloadinformationen unverz\u00fcglich gespeichert werden.<\/p>\n<p><strong>5. Zahlungsbedingungen<\/strong><\/p>\n<p>1. Die Norberg Media berechnet den Gesamtrechnungsbetrag per Vorkasse. Alle Zahlungen sind damit sofort f\u00e4llig.<br \/>\n2. Der Gesamtrechnungsbetrag enth\u00e4lt die gesetzliche Mehrwertsteuer von derzeit 19 %.<br \/>\n3. Die Norberg Media kann die Zahlungsabwicklung durch ein Drittunternehmen durchf\u00fchren, was im Bestellvorgang durch den Kunden zu best\u00e4tigen ist. Die f\u00fcr die Abwicklung n\u00f6tigen Kundendaten werden dem jeweiligen beauftragten Drittunternehmen \u00fcbermittelt, um die Zahlungsvorg\u00e4nge abwickeln zu k\u00f6nnen. Es gelten dann zus\u00e4tzlich die AGB des beauftragten Unternehmens.<br \/>\n4. Zur\u00fcckbehaltungsrecht und Aufrechnungsrecht gegen die Anspr\u00fcche der Norberg Media stehen dem Kunden nach \u00a7 309 Nr. 2 BGB nur bei unbestrittenen oder rechtskr\u00e4ftig festgestellten Forderung zu.<br \/>\n5. Kommt es zum Zahlungsverzug, wird die Norberg Media s\u00e4umniszuschl\u00e4ge in H\u00f6he von 5,50 Euro auf jede einzelne Mahnstufe erheben.<br \/>\n6. Norberg Media beh\u00e4lt sich das Recht vor, jederzeit offene Forderungen einem Inkassounternehmen zu \u00fcbertragen, wodurch der Kunde zus\u00e4tzliche Kosten zu tragen hat.<\/p>\n<p><strong>6. Widerrufsrecht<\/strong><\/p>\n<p>Es gilt das neue, europaweite Verbraucherrecht, das seit Juni 2014 keine R\u00fcckgabe f\u00fcr digitale Produkte wie Downloads etc. vorsieht. Digitale Inhalte k\u00f6nnen aufgrund ihrer Beschaffenheit nicht zur\u00fcckgegeben werden.<br \/>\n6. Wenn der Kunde Unternehmer im Sinne von \u00a7 14 des B\u00fcrgerlichen Gesetzbuches (BGB) ist und bei Abschluss des Vertrags in Aus\u00fcbung seiner gewerblichen oder selbst\u00e4ndigen T\u00e4tigkeit handelt, besteht das Widerrufsrecht nicht.<\/p>\n<p>(1) zur Lieferung von Waren, die nach Kundenspezifikation angefertigt werden oder eindeutig auf die pers\u00f6nlichen Bed\u00fcrfnisse zugeschnitten sind oder die auf Grund ihrer Beschaffenheit nicht f\u00fcr eine R\u00fccksendung geeignet sind oder schnell verderben k\u00f6nnen oder deren Verfallsdatum \u00fcberschritten w\u00fcrde,<br \/>\n(2) zur Lieferung von Audio- oder Videoaufzeichnungen oder von Software, sofern die gelieferten Datentr\u00e4ger vom Verbraucher entsiegelt worden sind,<br \/>\n(3) nach der Lieferung von Ebooks, Musikdateien, Videodateien und sonstigen elektronisch \u00fcbermittelten digitalen Inhalten (z.B. per Download oder Email)<\/p>\n<p><strong>8. Haftung &amp; Gew\u00e4hrleistung<\/strong><\/p>\n<p>1. Die Verwendung der Dateien und Inhalte erfolgt auf vollst\u00e4ndig eigenes Risiko des Kunden.<br \/>\n2. Der Kunde versichert hiermit, beim Kauf alle n\u00f6tigen Sicherheitsma\u00dfnahmen seiner Ger\u00e4te getroffen zu haben.<br \/>\n3. Der Kunde versichert au\u00dferdem, beim Kauf im Vollbesitz seiner geistigen Kr\u00e4fte zu sein.<br \/>\n4. Die Haftung der Norberg Media beschr\u00e4nkt sich auf nachweislich vors\u00e4tzliches oder grob fahrl\u00e4ssiges Verschulden seitens Norberg Media.<br \/>\n5. Die Produkte der Norberg Media entsprechen h\u00f6chsten Qualit\u00e4tsanspr\u00fcchen. Dennoch kann Norberg Media keine Gew\u00e4hr f\u00fcr Fehlk\u00e4ufe, unsachgem\u00e4\u00dfe Verwendung, Nichtgebrauch, subjektive Unn\u00fctzlichkeit etc. \u00fcbernehmen.<br \/>\n6. Die agebotenen Produkte dienen lediglich Unterhaltungszwecken.<br \/>\n7. Die Produkte dienen Bildungs- und Forschungszwecken und erheben nicht den Anspruch auf endg\u00fcltige Wahrheit.<br \/>\n8. Manche der getroffenen Aussagen zu den aufgefu\u0308hrten Produkten beruhen auf pers\u00f6nlichen Erkenntnissen, die von der sogenannten Schulmedizin nicht anerkannt sind. Die getroffenen Aussagen zu Indikationen und Wirksamkeit sowie Anwendungen sind daher wissenschaftlich noch nicht allgemein anerkannt. Die Anwendung der Produkte ersetzt keine Behandlung durch einen Arzt oder Heilpraktiker.<br \/>\n9. Missbr\u00e4uchliche Verwendung der Produkte kann bleibende Sch\u00e4den hinterlassen.<br \/>\n10. Im \u00dcbrigen gelten die gesetzlichen Gew\u00e4hrleistungsvorschriften.<\/p>\n<p><strong>9. Datenschutz<\/strong><\/p>\n<p>1. Norberg Media speichert und verarbeitet Kundendaten unter strenger Beachtung datenschutzrechtlicher Bestimmungen des BDSG.<br \/>\n2. Die Norberg Media fordert jeden Kunden auf die Datenschutzerkl\u00e4rung vollst\u00e4ndig zu lesen.<\/p>\n<p><strong>10. Gerichtsstand<\/strong><\/p>\n<p>1. Gerichtstand ist Regensburg. (Bayern, Oberpfalz)<\/p>\n<p><strong>11. Schlussbestimmungen<\/strong><\/p>\n<p>1. Vertragssprache ist Deutsch.<br \/>\n2. Sollten eine oder mehrere der Bestimmungen in diesen allgemeinen Gesch\u00e4ftsbedingungen unwirksam sein oder werden bleiben die \u00fcbrigen Bestimmungen davon unber\u00fchrt und weiterhin g\u00fcltig.Allgemeine Gesch\u00e4ftsbedingungen<\/p>\n<p>Copyright: Georg Norberg. All Rights reserved.<br \/>\nDieser Text ist urheberrechtlich gesch\u00fctzt und darf in keinem Fall kopiert oder weiterverarbeitet werden. Verst\u00f6\u00dfe werden strafrechtlich verfolgt!!<\/p>\n","protected":false},"excerpt":{"rendered":"<p>1. Allgemeines 1. Unsere Allgemeinen Gesch\u00e4ftsbedingungen, kurz AGB, regeln die Kaufabwicklung, Vertr\u00e4ge, Lieferungen und Leistungen der Firma Norberg Media Georg Norberg (im Folgenden Norberg Media genannt) mit ihren K\u00e4ufern, Abonnenten und Kursteilnehmern (im Folgenden Kunden genannt). 2. Beide Vertragsparteien erkennen die Rechte und Pflichten dieser AGB mit dem Kauf uneingeschr\u00e4nkt an. 3. Die Norberg Media [&hellip;]<\/p>\n","protected":false},"author":1,"featured_media":0,"parent":0,"menu_order":0,"comment_status":"open","ping_status":"open","template":"","meta":[],"_links":{"self":[{"href":"https:\/\/www.norbergmedia.de\/hauptseite\/wp-json\/wp\/v2\/pages\/100"}],"collection":[{"href":"https:\/\/www.norbergmedia.de\/hauptseite\/wp-json\/wp\/v2\/pages"}],"about":[{"href":"https:\/\/www.norbergmedia.de\/hauptseite\/wp-json\/wp\/v2\/types\/page"}],"author":[{"embeddable":true,"href":"https:\/\/www.norbergmedia.de\/hauptseite\/wp-json\/wp\/v2\/users\/1"}],"replies":[{"embeddable":true,"href":"https:\/\/www.norbergmedia.de\/hauptseite\/wp-json\/wp\/v2\/comments?post=100"}],"version-history":[{"count":3,"href":"https:\/\/www.norbergmedia.de\/hauptseite\/wp-json\/wp\/v2\/pages\/100\/revisions"}],"predecessor-version":[{"id":128,"href":"https:\/\/www.norbergmedia.de\/hauptseite\/wp-json\/wp\/v2\/pages\/100\/revisions\/128"}],"wp:attachment":[{"href":"https:\/\/www.norbergmedia.de\/hauptseite\/wp-json\/wp\/v2\/media?parent=100"}],"curies":[{"name":"wp","href":"https:\/\/api.w.org\/{rel}","templated":true}]}}